{"id":600,"date":"2011-03-13T17:05:38","date_gmt":"2011-03-13T19:05:38","guid":{"rendered":"http:\/\/www.zunz.si\/?page_id=600"},"modified":"2025-02-22T15:38:20","modified_gmt":"2025-02-22T17:38:20","slug":"sekcija-za-okolje-in-prostor","status":"publish","type":"page","link":"https:\/\/www.zunz.si\/?page_id=600","title":{"rendered":"Sekcija za okolje in prostor"},"content":{"rendered":"<p><strong>Predsednik sekcije:<\/strong> Tina Sterguljc<br \/>\n<strong>E-po\u0161ta:<\/strong><\/p>\n<p>Sekcija naj bi prvenstveno slu\u017eila navezovanju kontaktov ter izmenjavi mnenj in izku\u0161enj javnih delavcev, ki opravljajo dela in naloge s podro\u010dja okolja in prostora. To bi posledi\u010dno vodilo tudi do ve\u010d in bolj\u0161ih predlogov v postopkih sprejemanja zakonov in podzakonskih predpisov.<\/p>\n","protected":false},"excerpt":{"rendered":"<p>Predsednik sekcije: Tina Sterguljc E-po\u0161ta: Sekcija naj bi prvenstveno slu\u017eila navezovanju kontaktov ter izmenjavi mnenj in izku\u0161enj javnih delavcev, ki opravljajo dela in naloge s podro\u010dja okolja in prostora. To bi posledi\u010dno vodilo tudi do ve\u010d in bolj\u0161ih predlogov v postopkih sprejemanja zakonov in podzakonskih predpisov.<\/p>\n","protected":false},"author":6,"featured_media":0,"parent":164,"menu_order":7,"comment_status":"closed","ping_status":"closed","template":"","meta":[],"_links":{"self":[{"href":"https:\/\/www.zunz.si\/index.php?rest_route=\/wp\/v2\/pages\/600"}],"collection":[{"href":"https:\/\/www.zunz.si\/index.php?rest_route=\/wp\/v2\/pages"}],"about":[{"href":"https:\/\/www.zunz.si\/index.php?rest_route=\/wp\/v2\/types\/page"}],"author":[{"embeddable":true,"href":"https:\/\/www.zunz.si\/index.php?rest_route=\/wp\/v2\/users\/6"}],"replies":[{"embeddable":true,"href":"https:\/\/www.zunz.si\/index.php?rest_route=%2Fwp%2Fv2%2Fcomments&post=600"}],"version-history":[{"count":12,"href":"https:\/\/www.zunz.si\/index.php?rest_route=\/wp\/v2\/pages\/600\/revisions"}],"predecessor-version":[{"id":2116,"href":"https:\/\/www.zunz.si\/index.php?rest_route=\/wp\/v2\/pages\/600\/revisions\/2116"}],"up":[{"embeddable":true,"href":"https:\/\/www.zunz.si\/index.php?rest_route=\/wp\/v2\/pages\/164"}],"wp:attachment":[{"href":"https:\/\/www.zunz.si\/index.php?rest_route=%2Fwp%2Fv2%2Fmedia&parent=600"}],"curies":[{"name":"wp","href":"https:\/\/api.w.org\/{rel}","templated":true}]}}