{"id":539,"date":"2010-12-21T13:31:47","date_gmt":"2010-12-21T15:31:47","guid":{"rendered":"http:\/\/www.zunz.si\/?page_id=539"},"modified":"2010-12-21T13:31:47","modified_gmt":"2010-12-21T15:31:47","slug":"slovar","status":"publish","type":"page","link":"https:\/\/www.zunz.si\/?page_id=539","title":{"rendered":"Slovar"},"content":{"rendered":"<p>Slovar, ki so ga pripravili \u010dlanice in \u010dlani strokovnega sveta  Evropske zveze mati\u010dark in mati\u010darjev, je bil prvi\u010d objavljen v okviru  8. kongresa EVS v Portoro\u017eu.<\/p>\n<p>Trenutno je na internetni strani EVS objavljena \u010detrta verzija slovarja, ki obsega 302 pojma v \u0161tirinajstih jezikih.<\/p>\n<p>Avtorji slovarja so:<br \/>\nBeate Anefeld, M.A., Nem\u010dija \u2013 nem\u0161\u010dina, angle\u0161\u010dina<br \/>\nJelka Bauman, Slovenija &#8211; makedon\u0161\u010dina<br \/>\nJerzy Bielerzewski, Poljska &#8211; polj\u0161\u010dina<br \/>\nTomasz Brz\u00f3zka, Poljska &#8211; polj\u0161\u010dina<br \/>\nL\u00e9on Evers, Nizozemska &#8211; nizozem\u0161\u010dina<br \/>\nThomas Feddersen, Danska &#8211; dan\u0161\u010dina<br \/>\nAlicja Gilroy, Zdru\u017eeno kraljestvo &#8211; angle\u0161\u010dina<br \/>\nWilli Heussler, M Law, \u0160vica &#8211; franco\u0161\u010dina<br \/>\nKristi Joamets, Estonija &#8211; eston\u0161\u010dina<br \/>\nHana Koubkov\u00e1, \u010ce\u0161ka &#8211; \u010de\u0161\u010dina<br \/>\ndr. Giorgio Scalzini, Italija &#8211; italijan\u0161\u010dina<br \/>\nSuzana Smilkovska-Ristovska, Makedonija &#8211; makedon\u0161\u010dina<br \/>\ndr. Bernadett T\u00f3th, Mad\u017earska &#8211; mad\u017ear\u0161\u010dina<br \/>\nCristina Tuf\u0103, Romunija &#8211; romun\u0161\u010dina<br \/>\nmag. Bojana Zadravec, Slovenija &#8211; sloven\u0161\u010dina<br \/>\nViera Z\u00e1me\u010dnikov\u00e1, Slova\u0161ka &#8211; slova\u0161\u010dina<br \/>\ndr. Simon Zupan, Slovenija &#8211; angle\u0161\u010dina<\/p>\n<p>Avtorske pravice pripadajo EVS.<\/p>\n<p><img decoding=\"async\" loading=\"lazy\" title=\"icon_excel\" src=\"..\/wp-content\/uploads\/2010\/10\/icon_excel.gif\" alt=\"\" width=\"16\" height=\"16\" \/> <a href=\"..\/wp-content\/uploads\/2010\/12\/slovar.xls\">Evropski slovar za podro\u010dje osebnih stanj (zadnja sprememba 18. 11. 2010)<\/a><\/p>\n","protected":false},"excerpt":{"rendered":"<p>Slovar, ki so ga pripravili \u010dlanice in \u010dlani strokovnega sveta Evropske zveze mati\u010dark in mati\u010darjev, je bil prvi\u010d objavljen v okviru 8. kongresa EVS v Portoro\u017eu. Trenutno je na internetni strani EVS objavljena \u010detrta verzija slovarja, ki obsega 302 pojma v \u0161tirinajstih jezikih. Avtorji slovarja so: Beate Anefeld, M.A., Nem\u010dija \u2013 nem\u0161\u010dina, angle\u0161\u010dina Jelka Bauman, [&hellip;]<\/p>\n","protected":false},"author":3,"featured_media":0,"parent":236,"menu_order":0,"comment_status":"closed","ping_status":"closed","template":"","meta":[],"_links":{"self":[{"href":"https:\/\/www.zunz.si\/index.php?rest_route=\/wp\/v2\/pages\/539"}],"collection":[{"href":"https:\/\/www.zunz.si\/index.php?rest_route=\/wp\/v2\/pages"}],"about":[{"href":"https:\/\/www.zunz.si\/index.php?rest_route=\/wp\/v2\/types\/page"}],"author":[{"embeddable":true,"href":"https:\/\/www.zunz.si\/index.php?rest_route=\/wp\/v2\/users\/3"}],"replies":[{"embeddable":true,"href":"https:\/\/www.zunz.si\/index.php?rest_route=%2Fwp%2Fv2%2Fcomments&post=539"}],"version-history":[{"count":1,"href":"https:\/\/www.zunz.si\/index.php?rest_route=\/wp\/v2\/pages\/539\/revisions"}],"predecessor-version":[{"id":540,"href":"https:\/\/www.zunz.si\/index.php?rest_route=\/wp\/v2\/pages\/539\/revisions\/540"}],"up":[{"embeddable":true,"href":"https:\/\/www.zunz.si\/index.php?rest_route=\/wp\/v2\/pages\/236"}],"wp:attachment":[{"href":"https:\/\/www.zunz.si\/index.php?rest_route=%2Fwp%2Fv2%2Fmedia&parent=539"}],"curies":[{"name":"wp","href":"https:\/\/api.w.org\/{rel}","templated":true}]}}