{"id":212,"date":"2010-10-01T11:00:35","date_gmt":"2010-10-01T13:00:35","guid":{"rendered":"http:\/\/www.zunz.si\/?page_id=212"},"modified":"2025-02-22T15:33:33","modified_gmt":"2025-02-22T17:33:33","slug":"sekcija-za-registracijo-prebivalstva-in-javne-listine","status":"publish","type":"page","link":"https:\/\/www.zunz.si\/?page_id=212","title":{"rendered":"Sekcija za javni red in tujce"},"content":{"rendered":"<p><strong>Predsednica sekcije:<\/strong> mag. Monika Volk<br \/>\n<strong>E-po\u0161ta:<\/strong> <a href=\"mailto:registracija.listine@zunz.si\" target=\"_blank\" rel=\"noopener\">registracija.listine@zunz.si<\/a><\/p>\n<p>Sekcija za registracijo prebivalstva in javne listine zdru\u017euje v okviru Zdru\u017eenja strokovnih delavcev upravnih notranjih zadev uslu\u017ebence upravnih enot, ki delajo na podro\u010dju vodenja registra stalnega prebivalstva (prijave in odjave stalnih ali za\u010dasnih prebivali\u0161\u010d, vodenja evidence gospodinjske skupnosti, evidentiranja naslovov za uresni\u010devanja volilne pravice in ostalih podatkov v okviru registra), odlo\u010dajo o izdaji potnih listin, osebnih izkaznic in maloobmejnih prepustnic po dolo\u010dbah Sporazuma med Republiko Slovenijo in Republiko Hrva\u0161ko o obmejnem prometu in sodelovanju, izvajajo volilna opravila v zvezi z volilnimi imeniki za posamezne volitve in vodijo upravne postopke ugotavljanja dejanskega stalnega ali za\u010dasnega prebivali\u0161\u010da posameznikov. Sekcija pa se ukvarja tudi s posameznimi vpra\u0161anji, ki so obrobnega pomena za podro\u010dje, ki ga pokriva, kot so na primer vpra\u0161anja evidentiranih prebivali\u0161\u010d posameznikov, ki so bili po osamosvojitvi izbrisani iz registra stalnega prebivalstva in se pojavljajo v zvezi s sedaj aktualnimi postopki ureditve njihovega statusa in prebivali\u0161\u010da po noveli ZUSDDD-B.<\/p>\n<p>Od leta 2010 ima sekcija tudi svojo spletno klepetalnico, ki je namenjana \u010dimbolj\u0161i izmenjavi delovnih izku\u0161enj med uslu\u017ebenci posameznih upravnih enot in razre\u0161evanju teko\u010dih problemov, ki se pojavljajo pri delu na podro\u010dju registra stalnega prebivalstva in izdaje javnih listin.<\/p>\n<p>Sekcija pri svojem delu uspe\u0161no sodeluje z ostalimi sekcijami zdru\u017eenja, z upravnimi enotami, resornim ministrstvom in z ostalimi organi.<\/p>\n","protected":false},"excerpt":{"rendered":"<p>Predsednica sekcije: mag. Monika Volk E-po\u0161ta: registracija.listine@zunz.si Sekcija za registracijo prebivalstva in javne listine zdru\u017euje v okviru Zdru\u017eenja strokovnih delavcev upravnih notranjih zadev uslu\u017ebence upravnih enot, ki delajo na podro\u010dju vodenja registra stalnega prebivalstva (prijave in odjave stalnih ali za\u010dasnih prebivali\u0161\u010d, vodenja evidence gospodinjske skupnosti, evidentiranja naslovov za uresni\u010devanja volilne pravice in ostalih podatkov v [&hellip;]<\/p>\n","protected":false},"author":1,"featured_media":0,"parent":164,"menu_order":1,"comment_status":"closed","ping_status":"closed","template":"","meta":[],"_links":{"self":[{"href":"https:\/\/www.zunz.si\/index.php?rest_route=\/wp\/v2\/pages\/212"}],"collection":[{"href":"https:\/\/www.zunz.si\/index.php?rest_route=\/wp\/v2\/pages"}],"about":[{"href":"https:\/\/www.zunz.si\/index.php?rest_route=\/wp\/v2\/types\/page"}],"author":[{"embeddable":true,"href":"https:\/\/www.zunz.si\/index.php?rest_route=\/wp\/v2\/users\/1"}],"replies":[{"embeddable":true,"href":"https:\/\/www.zunz.si\/index.php?rest_route=%2Fwp%2Fv2%2Fcomments&post=212"}],"version-history":[{"count":5,"href":"https:\/\/www.zunz.si\/index.php?rest_route=\/wp\/v2\/pages\/212\/revisions"}],"predecessor-version":[{"id":2113,"href":"https:\/\/www.zunz.si\/index.php?rest_route=\/wp\/v2\/pages\/212\/revisions\/2113"}],"up":[{"embeddable":true,"href":"https:\/\/www.zunz.si\/index.php?rest_route=\/wp\/v2\/pages\/164"}],"wp:attachment":[{"href":"https:\/\/www.zunz.si\/index.php?rest_route=%2Fwp%2Fv2%2Fmedia&parent=212"}],"curies":[{"name":"wp","href":"https:\/\/api.w.org\/{rel}","templated":true}]}}