{"id":186,"date":"2010-10-01T09:58:39","date_gmt":"2010-10-01T11:58:39","guid":{"rendered":"http:\/\/www.zunz.si\/?page_id=186"},"modified":"2026-03-23T16:09:19","modified_gmt":"2026-03-23T18:09:19","slug":"dokumenti","status":"publish","type":"page","link":"https:\/\/www.zunz.si\/?page_id=186","title":{"rendered":"Dokumenti"},"content":{"rendered":"<h3>Statut in pravilniki<\/h3>\n<p><a href=\"http:\/\/www.zunz.si\/wp-content\/uploads\/2010\/10\/Statut-ZUDS-2.pdf\">Statut ZUDS<\/a><br><a href=\"http:\/\/www.zunz.si\/wp-content\/uploads\/2010\/10\/Pravilnik-o-finan\u010dno-materialnem-poslovanju.pdf\">Pravilnik o finan\u010dno-materialnem poslovanju<\/a><a href=\"http:\/\/www.zunz.si\/wp-content\/uploads\/2010\/10\/Statut-ZUDS.pdf\"><br><\/a><a href=\"http:\/\/www.zunz.si\/wp-content\/uploads\/2010\/10\/Disciplinski-pravilnik.pdf\">Disciplinski pravilnik<\/a><a href=\"http:\/\/www.zunz.si\/wp-content\/uploads\/2010\/10\/Statut-ZUDS.pdf\"><br><\/a><a href=\"http:\/\/www.zunz.si\/wp-content\/uploads\/2010\/10\/Pravilnik-o-kandidiranju-in-volitvah.pdf\">Pravilnik o kandidiranju in volitvah<\/a><a href=\"http:\/\/www.zunz.si\/wp-content\/uploads\/2010\/10\/Statut-ZUDS.pdf\"><br><\/a><a href=\"http:\/\/www.zunz.si\/wp-content\/uploads\/2010\/10\/Pravilnik-o-priznanjih.pdf\">Pravilnik o priznanjih<\/a><\/p>\n<h3>Obrazci<\/h3>\n<p><a href=\"http:\/\/www.zunz.si\/wp-content\/uploads\/2010\/10\/pristopna-izjava1.doc\">Pristopna izjava<\/a><\/p>\n<h3>Ob\u010dni zbor<\/h3>\n<p><a href=\"http:\/\/www.zunz.si\/wp-content\/uploads\/2010\/10\/Zapisnik-1.-ob\u010dni-zbor-Zre\u010de-nov-1999.pdf\">Zapisnik 1. ob\u010dni zbor (Zre\u010de, nov 1999)<\/a><br><a href=\"http:\/\/www.zunz.si\/wp-content\/uploads\/2010\/10\/Zapisnik-7.-ob\u010dni-zbor-Banovci-nov-2009.pdf\">Zapisnik 7. ob\u010dni zbor (Banovci, nov 2009)<\/a><br><a href=\"http:\/\/www.zunz.si\/wp-content\/uploads\/2010\/10\/Zapisnik-8.-ob\u010dni-zbor-Ljubljana-dec-2010.pdf\">Zapisnik 8. ob\u010dni zbor (Ljubljana, dec 2010)<\/a><br><a href=\"http:\/\/www.zunz.si\/wp-content\/uploads\/2010\/10\/Zapisnik-9.-ob\u010dni-zbor-Maribor-nov-2011.pdf\">Zapisnik 9. ob\u010dni zbor (Maribor, nov 2011)<\/a><br><a href=\"http:\/\/www.zunz.si\/wp-content\/uploads\/2010\/10\/Zapisnik-10.-ob\u010dni-zbor-Maribor-okt-2012.pdf\">Zapisnik 10. ob\u010dni zbor (Maribor, okt 2012)<\/a><br><a href=\"http:\/\/www.zunz.si\/wp-content\/uploads\/2010\/10\/Zapisnik-11.-ob\u010dni-zbor-Bled-dec-2013.pdf\">Zapisnik 11. ob\u010dni zbor (Bled, dec 2013)<\/a><br><a href=\"http:\/\/www.zunz.si\/wp-content\/uploads\/2010\/10\/Zapisnik-12.-ob\u010dni-zbor-Moravske-Toplice-okt-2014.pdf\">Zapisnik 12. ob\u010dni zbor (Moravske Toplice, okt 2014)<\/a><br><a href=\"http:\/\/www.zunz.si\/wp-content\/uploads\/2010\/10\/Zapisnik-13.-ob\u010dni-zbor-Rimske-Toplice-nov-2015.pdf\">Zapisnik 13. ob\u010dni zbor (Rimske Toplice, nov 2015)<br><\/a><a href=\"http:\/\/www.zunz.si\/wp-content\/uploads\/2010\/10\/Zapisnik-14.-ob\u010dni-zbor-Portoro\u017e-dec-2016.pdf\">Zapisnik 14. ob\u010dni zbor (Portoro\u017e, dec 2016)<\/a><br><a href=\"http:\/\/www.zunz.si\/wp-content\/uploads\/2019\/05\/Zapisnik-15.-ob\u010dni-zbor-Bohinjska-Bistrica-nov-2017.pdf\">Zapisnik 15. ob\u010dni zbor (Bohinjska Bistrica, nov 2017)<\/a><br><a href=\"http:\/\/www.zunz.si\/wp-content\/uploads\/2019\/05\/Zapisnik-16.-ob\u010dni-zbor-Portoro\u017e-nov-2018.pdf\">Zapisnik 16. ob\u010dni zbor (Portoro\u017e, nov 2018)<\/a><br><a href=\"http:\/\/www.zunz.si\/wp-content\/uploads\/2023\/04\/zapisnik-17.-obc\u030cni-zbor-volilni-26.9.2019.doc\">Zapisnik 17. ob\u010dni zbor (Moravske Toplice, sept 2019)<\/a><br><a href=\"http:\/\/www.zunz.si\/wp-content\/uploads\/2023\/04\/zapisnik-18.-obc\u030cni-zbor13.5.2021-1.doc\">Zapisnik 18. ob\u010dni zbor (online, maj 2021)<\/a><br><a href=\"http:\/\/www.zunz.si\/wp-content\/uploads\/2023\/04\/19.-obc\u030cni-zbor-ZUDS_zapisnik_december-2022.doc\">Zapisnik 19. ob\u010dni zbor (Maribor, dec 2022)<\/a><\/p>\n\n\n<div class=\"wp-block-file\"><a id=\"wp-block-file--media-414b1c6a-9e42-4fbd-aa4b-088dac29eba2\" href=\"http:\/\/www.zunz.si\/wp-content\/uploads\/2024\/04\/20.-obcni-zbor-ZUDS_zapisnik_dec-2023-1.doc\">20.-obcni-zbor-ZUDS_zapisnik_dec-2023-1<\/a><a href=\"http:\/\/www.zunz.si\/wp-content\/uploads\/2024\/04\/20.-obcni-zbor-ZUDS_zapisnik_dec-2023-1.doc\" class=\"wp-block-file__button wp-element-button\" download aria-describedby=\"wp-block-file--media-414b1c6a-9e42-4fbd-aa4b-088dac29eba2\">Download<\/a><\/div>\n\n\n\n<p>Zapisnik sej drugih organov<\/p>\n\n\n\n<p>\u010clani lahko za posredovanje zapisnikov sej izvr\u0161nega in nadzornega odbora ter disciplinske komisije pi\u0161ejo na <a href=\"mailto:info@zunz.si\">info@zunz.si<\/a>.<\/p>\n\n\n\n<div class=\"wp-block-file\"><a id=\"wp-block-file--media-363822d6-f42c-4679-afba-59905a742fa5\" href=\"https:\/\/www.zunz.si\/wp-content\/uploads\/2026\/03\/Zapisnik-23.-obcni-zbor-koncna-verzija.doc\">Zapisnik-23.-obcni-zbor-koncna-verzija<\/a><a href=\"https:\/\/www.zunz.si\/wp-content\/uploads\/2026\/03\/Zapisnik-23.-obcni-zbor-koncna-verzija.doc\" class=\"wp-block-file__button wp-element-button\" download aria-describedby=\"wp-block-file--media-363822d6-f42c-4679-afba-59905a742fa5\">Download<\/a><\/div>\n\n\n\n<p><\/p>\n\n\n\n<div class=\"wp-block-file\"><a id=\"wp-block-file--media-33f0e9be-b66d-436c-9211-85fd30bcb24c\" href=\"https:\/\/www.zunz.si\/wp-content\/uploads\/2026\/03\/zapisnik-21.-obcni-zbor-volilni_pop-BZ-14.6.2024.doc\">zapisnik-21.-obcni-zbor-volilni_pop-BZ-14.6.2024<\/a><a href=\"https:\/\/www.zunz.si\/wp-content\/uploads\/2026\/03\/zapisnik-21.-obcni-zbor-volilni_pop-BZ-14.6.2024.doc\" class=\"wp-block-file__button wp-element-button\" download aria-describedby=\"wp-block-file--media-33f0e9be-b66d-436c-9211-85fd30bcb24c\">Download<\/a><\/div>\n\n\n\n<div class=\"wp-block-file\"><a id=\"wp-block-file--media-6960855b-72b6-44aa-b93c-6faf5e62be79\" href=\"https:\/\/www.zunz.si\/wp-content\/uploads\/2026\/03\/Zapisnik-22.-ocni-zbor.doc\">Zapisnik-22.-ocni-zbor<\/a><a href=\"https:\/\/www.zunz.si\/wp-content\/uploads\/2026\/03\/Zapisnik-22.-ocni-zbor.doc\" class=\"wp-block-file__button wp-element-button\" download aria-describedby=\"wp-block-file--media-6960855b-72b6-44aa-b93c-6faf5e62be79\">Download<\/a><\/div>\n\n\n\n<p><\/p>\n","protected":false},"excerpt":{"rendered":"<p>Statut in pravilniki Statut ZUDSPravilnik o finan\u010dno-materialnem poslovanjuDisciplinski pravilnikPravilnik o kandidiranju in volitvahPravilnik o priznanjih Obrazci Pristopna izjava Ob\u010dni zbor Zapisnik 1. ob\u010dni zbor (Zre\u010de, nov 1999)Zapisnik 7. ob\u010dni zbor (Banovci, nov 2009)Zapisnik 8. ob\u010dni zbor (Ljubljana, dec 2010)Zapisnik 9. ob\u010dni zbor (Maribor, nov 2011)Zapisnik 10. ob\u010dni zbor (Maribor, okt 2012)Zapisnik 11. ob\u010dni zbor (Bled, [&hellip;]<\/p>\n","protected":false},"author":7,"featured_media":0,"parent":159,"menu_order":3,"comment_status":"closed","ping_status":"closed","template":"","meta":[],"_links":{"self":[{"href":"https:\/\/www.zunz.si\/index.php?rest_route=\/wp\/v2\/pages\/186"}],"collection":[{"href":"https:\/\/www.zunz.si\/index.php?rest_route=\/wp\/v2\/pages"}],"about":[{"href":"https:\/\/www.zunz.si\/index.php?rest_route=\/wp\/v2\/types\/page"}],"author":[{"embeddable":true,"href":"https:\/\/www.zunz.si\/index.php?rest_route=\/wp\/v2\/users\/7"}],"replies":[{"embeddable":true,"href":"https:\/\/www.zunz.si\/index.php?rest_route=%2Fwp%2Fv2%2Fcomments&post=186"}],"version-history":[{"count":136,"href":"https:\/\/www.zunz.si\/index.php?rest_route=\/wp\/v2\/pages\/186\/revisions"}],"predecessor-version":[{"id":2167,"href":"https:\/\/www.zunz.si\/index.php?rest_route=\/wp\/v2\/pages\/186\/revisions\/2167"}],"up":[{"embeddable":true,"href":"https:\/\/www.zunz.si\/index.php?rest_route=\/wp\/v2\/pages\/159"}],"wp:attachment":[{"href":"https:\/\/www.zunz.si\/index.php?rest_route=%2Fwp%2Fv2%2Fmedia&parent=186"}],"curies":[{"name":"wp","href":"https:\/\/api.w.org\/{rel}","templated":true}]}}