{"id":183,"date":"2010-10-01T09:54:24","date_gmt":"2010-10-01T11:54:24","guid":{"rendered":"http:\/\/www.zunz.si\/?page_id=183"},"modified":"2026-03-23T16:01:39","modified_gmt":"2026-03-23T18:01:39","slug":"vodstvo","status":"publish","type":"page","link":"https:\/\/www.zunz.si\/?page_id=183","title":{"rendered":"Vodstvo"},"content":{"rendered":"<h3>Izvr\u0161ni odbor<\/h3>\n<p>Zdru\u017eenje vodi Izvr\u0161ni odbor zdru\u017eenja. Na 21. ob\u010dnem zboru Zdru\u017eenja upravnih delavcev Slovenije, ki je potekal 14. junija 2024 v \u0160marjah pri Jel\u0161ah so bili v Izvr\u0161ni odbor izvoljeni:<\/p>\n<table style=\"height: 192px;\" width=\"481\">\n<tbody>\n<tr style=\"text-align: center;\">\n<td>\n<p style=\"text-align: center;\">dr. Bojana Zadravec<br \/>predsednica<br \/><a href=\"mailto:predsednik@zunz.si\" target=\"_blank\" rel=\"noopener noreferrer\">predsednik@zunz.si<\/a><\/p>\n<\/td>\n<td>Marjeta Staroverski<br \/>tajnica<br \/><a href=\"mailto:tajnik@zunz.si\" target=\"_blank\" rel=\"noopener noreferrer\">tajnik@zunz.si<\/a><\/td>\n<td>Tatjana Arslanovski<br \/>blagajnik<br \/><a href=\"mailto:blagajnik@zunz.si\" target=\"_blank\" rel=\"noopener noreferrer\">blagajnik@zunz.si<\/a><\/td>\n<\/tr>\n<tr style=\"text-align: center;\">\n<td>Diana Priv\u0161ek<br \/>\u010dlanica<\/td>\n<td>Primo\u017e Bu\u010dan<br \/>\u010dlan<\/td>\n<td>Zdravko Mitri\u0107<br \/>\u010dlan<\/td>\n<\/tr>\n<tr style=\"text-align: center;\">\n<td>mag. Monika Volk<br \/>\u010dlanica<\/td>\n<td>Maksimiljan Tur\u0161i\u010d<br \/>\u010dlan<\/td>\n<td>Marjanca \u010cervek<br \/>\u010dlanica<\/td>\n<\/tr>\n<\/tbody>\n<\/table>\n<h3>Nadzorni odbor<\/h3>\n<p>&#8211; mag. Breda Nedeljkovi\u010d,<br \/>&#8211; Maksimiljana Mulej,<br \/>&#8211; Lea Ul\u010dar.<\/p>\n<p>Nadzorni odbor lahko kontaktirate s pomo\u010djo e-po\u0161to <a href=\"mailto:nadzorni.odbor@zunz.si\" target=\"_blank\" rel=\"noopener noreferrer\">nadzorni.odbor@zunz.si<\/a>.<\/p>\n<h3>Disciplinska komisija<\/h3>\n<ol>\n<li>\u010dlan: Ur\u0161ka Sihur<\/li>\n<li>\u010dlan: Jana Turel<\/li>\n<li>\u010dlan: Margareta Polanec Stepan\u010di\u010d<\/li>\n<li>namestnik \u010dlana: Renata Stiplov\u0161ek<\/li>\n<li>namestnik \u010dlana: mag. Alenka Pintari\u010d<\/li>\n<\/ol>\n<p>Disciplinsko komisijo lahko kontaktirate preko e-po\u0161te <a href=\"mailto:disciplinska.komisija@zunz.si\" target=\"_blank\" rel=\"noopener noreferrer\">disciplinska.komisija@zunz.si<\/a>.<\/p>\n<p>\u00a0<\/p>\n<p><a href=\"http:\/\/www.zunz.si\/wp-content\/uploads\/2023\/04\/kandidacijska-listasept.-2019.doc\">Podatki o mandatih (september 2019)<\/a><\/p>\n\n\n<p><\/p>\n","protected":false},"excerpt":{"rendered":"<p>Izvr\u0161ni odbor Zdru\u017eenje vodi Izvr\u0161ni odbor zdru\u017eenja. Na 21. ob\u010dnem zboru Zdru\u017eenja upravnih delavcev Slovenije, ki je potekal 14. junija 2024 v \u0160marjah pri Jel\u0161ah so bili v Izvr\u0161ni odbor izvoljeni: dr. Bojana Zadravecpredsednicapredsednik@zunz.si Marjeta Staroverskitajnicatajnik@zunz.si Tatjana Arslanovskiblagajnikblagajnik@zunz.si Diana Priv\u0161ek\u010dlanica Primo\u017e Bu\u010dan\u010dlan Zdravko Mitri\u0107\u010dlan mag. Monika Volk\u010dlanica Maksimiljan Tur\u0161i\u010d\u010dlan Marjanca \u010cervek\u010dlanica Nadzorni odbor &#8211; mag. [&hellip;]<\/p>\n","protected":false},"author":1,"featured_media":0,"parent":159,"menu_order":2,"comment_status":"closed","ping_status":"closed","template":"","meta":[],"_links":{"self":[{"href":"https:\/\/www.zunz.si\/index.php?rest_route=\/wp\/v2\/pages\/183"}],"collection":[{"href":"https:\/\/www.zunz.si\/index.php?rest_route=\/wp\/v2\/pages"}],"about":[{"href":"https:\/\/www.zunz.si\/index.php?rest_route=\/wp\/v2\/types\/page"}],"author":[{"embeddable":true,"href":"https:\/\/www.zunz.si\/index.php?rest_route=\/wp\/v2\/users\/1"}],"replies":[{"embeddable":true,"href":"https:\/\/www.zunz.si\/index.php?rest_route=%2Fwp%2Fv2%2Fcomments&post=183"}],"version-history":[{"count":36,"href":"https:\/\/www.zunz.si\/index.php?rest_route=\/wp\/v2\/pages\/183\/revisions"}],"predecessor-version":[{"id":2160,"href":"https:\/\/www.zunz.si\/index.php?rest_route=\/wp\/v2\/pages\/183\/revisions\/2160"}],"up":[{"embeddable":true,"href":"https:\/\/www.zunz.si\/index.php?rest_route=\/wp\/v2\/pages\/159"}],"wp:attachment":[{"href":"https:\/\/www.zunz.si\/index.php?rest_route=%2Fwp%2Fv2%2Fmedia&parent=183"}],"curies":[{"name":"wp","href":"https:\/\/api.w.org\/{rel}","templated":true}]}}