{"id":159,"date":"2010-10-01T09:03:09","date_gmt":"2010-10-01T11:03:09","guid":{"rendered":"http:\/\/www.zunz.si\/?page_id=159"},"modified":"2025-01-12T06:22:13","modified_gmt":"2025-01-12T08:22:13","slug":"o-zdruzenju","status":"publish","type":"page","link":"https:\/\/www.zunz.si\/?page_id=159","title":{"rendered":"O zdru\u017eenju"},"content":{"rendered":"<p>Smo Zdru\u017eenje upravnih delavcev Slovenije (ZUDS)*. Obstajamo od leta 1999. \u010clanice in \u010dlani smo uslu\u017ebenke in uslu\u017ebenci upravnih enot in nekaterih ministrstev.<\/p>\n<p>Na\u0161i cilji so:<\/p>\n<ul>\n<li>prizadevanje za strokovno raven dela,<\/li>\n<li>podbujanje \u010dlanov za strokovno izpopolnjevanje ter strokovno in kakovostno delo na tem podro\u010dju,<\/li>\n<li>sodelovanje s tujimi strokovnjaki s podro\u010dja delovanja zdru\u017eenja in sorodnimi zdru\u017eenji,<\/li>\n<li>sodelovanje z organizacijami in institucijami, ki se strokovno ali znanstveno ukvarjajo s podro\u010dji pravnih in upravnih znanosti,<\/li>\n<li>sodelovanje pri razvoju stroke upravnih notranjih zadev.<\/li>\n<\/ul>\n<p>Namen in cilje uresni\u010duje dru\u0161tvo z izvajanjem naslednjih nalog:<\/p>\n<ul>\n<li>organizira strokovno izobra\u017eevanje \u010dlanov v obliki seminarjev, posvetov, te\u010dajev in strokovnih ekskurzij,<\/li>\n<li>organizira javne predstavitve dejavnosti dru\u0161tva v obliki problemskih konferenc, posvetov in seminarjev,<\/li>\n<li>zalaga in izdaja strokovno literaturo s podro\u010dja dejavnosti dru\u0161tva v skladu z veljavno zakonodajo,<\/li>\n<li>izdaja dru\u0161tveno strokovno glasilo,<\/li>\n<li>sodeluje z dr\u017eavnimi organi s podro\u010dja upravnih notranjih zadev pri razre\u0161evanju strokovnih vpra\u0161anj ter daje pobude za sprejem ustrezne zakonodaje na podro\u010dju upravnih notranjih zadev.<\/li>\n<\/ul>\n<p>* Zdru\u017eenje upravnih delavcev Slovenije (ZUDS) je nastalo s preimenovanjem Zdru\u017eenja strokovnih delavcev upravnih notranjih zadev (ZUNZ) s sklepom ob\u010dnega zbora zdru\u017eenja, na zasednju 3. decembra 2010 v Ljubljani.<\/p>\n<p><em>Spo\u0161tovani dr\u017eavljanke in dr\u017eavljani ter prebivalke in prebivalci Slovenije<\/em><\/p>\n<p><em>Poznamo probleme, s katerimi se sre\u010dujete, ko \u017eelite urediti svoj osebni status, spremeniti prebivali\u0161\u010de, registrirati dru\u0161tvo, prijaviti prireditev, registrirati avtomobil itd. Zavedamo se, da so nekatere spremembe predpisov nujne. Na podlagi svojih izku\u0161enj \u017eelimo prispevati k oblikovanju dr\u017eavne uprave po meri uporabnikov na\u0161ih storitev.<\/em><\/p>\n<p><em>Hkrati pa se zavedamo, da so va\u0161i pogledi na upravo morda druga\u010dni. Va\u0161e izku\u0161nje in pri\u010dakovanja se razlikujejo. Veseli bomo, \u010de nam jih boste zaupali. Va\u0161a mnenja, predloge, ideje nam lahko sporo\u010dite na <a href=\"mailto:info@zunz.si\" target=\"_blank\" rel=\"noopener\">info@zunz.si<\/a>. Na vsa sporo\u010dila ne bomo mogli odgovoriti. Bomo pa jih preu\u010dili in vklju\u010dili v na\u0161a razmi\u0161ljanja o potrebnih spremembah.<\/em><\/p>\n<p style=\"text-align: right;\"><em>dr. Bojana Zadravec,<br \/>\npredsednica<br \/>\n<\/em><\/p>\n","protected":false},"excerpt":{"rendered":"<p>Smo Zdru\u017eenje upravnih delavcev Slovenije (ZUDS)*. Obstajamo od leta 1999. \u010clanice in \u010dlani smo uslu\u017ebenke in uslu\u017ebenci upravnih enot in nekaterih ministrstev. Na\u0161i cilji so: prizadevanje za strokovno raven dela, podbujanje \u010dlanov za strokovno izpopolnjevanje ter strokovno in kakovostno delo na tem podro\u010dju, sodelovanje s tujimi strokovnjaki s podro\u010dja delovanja zdru\u017eenja in sorodnimi zdru\u017eenji, sodelovanje [&hellip;]<\/p>\n","protected":false},"author":1,"featured_media":0,"parent":0,"menu_order":2,"comment_status":"closed","ping_status":"closed","template":"","meta":[],"_links":{"self":[{"href":"https:\/\/www.zunz.si\/index.php?rest_route=\/wp\/v2\/pages\/159"}],"collection":[{"href":"https:\/\/www.zunz.si\/index.php?rest_route=\/wp\/v2\/pages"}],"about":[{"href":"https:\/\/www.zunz.si\/index.php?rest_route=\/wp\/v2\/types\/page"}],"author":[{"embeddable":true,"href":"https:\/\/www.zunz.si\/index.php?rest_route=\/wp\/v2\/users\/1"}],"replies":[{"embeddable":true,"href":"https:\/\/www.zunz.si\/index.php?rest_route=%2Fwp%2Fv2%2Fcomments&post=159"}],"version-history":[{"count":19,"href":"https:\/\/www.zunz.si\/index.php?rest_route=\/wp\/v2\/pages\/159\/revisions"}],"predecessor-version":[{"id":2086,"href":"https:\/\/www.zunz.si\/index.php?rest_route=\/wp\/v2\/pages\/159\/revisions\/2086"}],"wp:attachment":[{"href":"https:\/\/www.zunz.si\/index.php?rest_route=%2Fwp%2Fv2%2Fmedia&parent=159"}],"curies":[{"name":"wp","href":"https:\/\/api.w.org\/{rel}","templated":true}]}}