{"id":1112,"date":"2013-11-28T16:22:00","date_gmt":"2013-11-28T18:22:00","guid":{"rendered":"http:\/\/www.zunz.si\/?page_id=1112"},"modified":"2025-01-20T11:52:57","modified_gmt":"2025-01-20T13:52:57","slug":"clanstvo","status":"publish","type":"page","link":"https:\/\/www.zunz.si\/?page_id=1112","title":{"rendered":"\u010clanstvo"},"content":{"rendered":"<p>V zdru\u017eenje se v\u010dlanite na podlagi pristopne izjave, ki jo podpisano in skenirano po\u0161ljete po elektronski poti na naslov: predsednik@zunz.si.<\/p>\n<p>\u010clanarino naka\u017eite na:\u00a0\u0161t. poslovnega ra\u010duna 02038-0089735719, namen nakazila: \u010clanarina ZUDS za leto &#8230;.. (teko\u010de leto).<\/p>\n<p>\u010clanarina se dolo\u010di letno s sklepom Ob\u010dnega zbora in za teko\u010de leto zna\u0161a 15,00 eurov.<\/p>\n<p><a href=\"http:\/\/www.zunz.si\/wp-content\/uploads\/2010\/10\/pristopna-izjava1.doc\">Pristopna izjava<\/a><\/p>\n","protected":false},"excerpt":{"rendered":"<p>V zdru\u017eenje se v\u010dlanite na podlagi pristopne izjave, ki jo podpisano in skenirano po\u0161ljete po elektronski poti na naslov: predsednik@zunz.si. \u010clanarino naka\u017eite na:\u00a0\u0161t. poslovnega ra\u010duna 02038-0089735719, namen nakazila: \u010clanarina ZUDS za leto &#8230;.. (teko\u010de leto). \u010clanarina se dolo\u010di letno s sklepom Ob\u010dnega zbora in za teko\u010de leto zna\u0161a 15,00 eurov. Pristopna izjava<\/p>\n","protected":false},"author":3,"featured_media":0,"parent":159,"menu_order":5,"comment_status":"closed","ping_status":"closed","template":"","meta":[],"_links":{"self":[{"href":"https:\/\/www.zunz.si\/index.php?rest_route=\/wp\/v2\/pages\/1112"}],"collection":[{"href":"https:\/\/www.zunz.si\/index.php?rest_route=\/wp\/v2\/pages"}],"about":[{"href":"https:\/\/www.zunz.si\/index.php?rest_route=\/wp\/v2\/types\/page"}],"author":[{"embeddable":true,"href":"https:\/\/www.zunz.si\/index.php?rest_route=\/wp\/v2\/users\/3"}],"replies":[{"embeddable":true,"href":"https:\/\/www.zunz.si\/index.php?rest_route=%2Fwp%2Fv2%2Fcomments&post=1112"}],"version-history":[{"count":9,"href":"https:\/\/www.zunz.si\/index.php?rest_route=\/wp\/v2\/pages\/1112\/revisions"}],"predecessor-version":[{"id":2089,"href":"https:\/\/www.zunz.si\/index.php?rest_route=\/wp\/v2\/pages\/1112\/revisions\/2089"}],"up":[{"embeddable":true,"href":"https:\/\/www.zunz.si\/index.php?rest_route=\/wp\/v2\/pages\/159"}],"wp:attachment":[{"href":"https:\/\/www.zunz.si\/index.php?rest_route=%2Fwp%2Fv2%2Fmedia&parent=1112"}],"curies":[{"name":"wp","href":"https:\/\/api.w.org\/{rel}","templated":true}]}}